{"id":67,"date":"2026-04-30T07:24:42","date_gmt":"2026-04-30T05:24:42","guid":{"rendered":"https:\/\/goodpower.pro\/?page_id=67"},"modified":"2026-04-30T07:34:48","modified_gmt":"2026-04-30T05:34:48","slug":"magazyny-energii","status":"publish","type":"page","link":"https:\/\/goodpower.pro\/?page_id=67","title":{"rendered":"Magazyny energii"},"content":{"rendered":"\r\n<p>Posiadamy w ofercie ogniwa EVE MB31 (314 Ah) &#8211; 1485 z\u0142 za 4 sztuki.<\/p>\r\n\r\n\r\n\r\n<p>Zapraszamy do naszej oferty na Allegro <a href=\"https:\/\/t.co\/xLd6r71UDr\" target=\"_blank\" rel=\"noreferrer noopener\">https:\/\/allegro.pl\/oferta\/ogniwa-lifepo4-lfp-314ah-eve-mb31-zestaw-4-szt-18466001014\u2026<\/a><\/p>\r\n\r\n\r\n\r\n<p>lub kontaktu <a href=\"https:\/\/goodpower.pro\/?page_id=20\" target=\"_blank\" rel=\"noreferrer noopener\">bezpo\u015bredniego<\/a><\/p>\r\n\r\n\r\n\r\n<figure class=\"wp-block-image size-full is-resized\"><img loading=\"lazy\" decoding=\"async\" width=\"128\" height=\"128\" class=\"wp-image-62\" style=\"width: 170px; height: auto;\" src=\"https:\/\/goodpower.pro\/wp-content\/uploads\/2026\/04\/287e46a141eb9a6bf113d6d03c50.webp\" alt=\"\" \/><\/figure>\r\n\r\n\r\n\r\n<p>Ogniwa s\u0105 fabrycznie nowe, wyprodukowane w 2 po\u0142. 2025 r. <br \/>Zmierzyli\u015bmy ich parametry, pojemno\u015b\u0107 przy 18\u00b0 to 327 Ah (1055,8 Wh).<\/p>\r\n\r\n\r\n\r\n<figure class=\"wp-block-image size-large\"><img loading=\"lazy\" decoding=\"async\" width=\"1024\" height=\"391\" class=\"wp-image-61\" src=\"https:\/\/goodpower.pro\/wp-content\/uploads\/2026\/04\/cykl-sprawdzajacy-31-03-2026-crop-1024x391.jpg\" alt=\"\" srcset=\"https:\/\/goodpower.pro\/wp-content\/uploads\/2026\/04\/cykl-sprawdzajacy-31-03-2026-crop-1024x391.jpg 1024w, https:\/\/goodpower.pro\/wp-content\/uploads\/2026\/04\/cykl-sprawdzajacy-31-03-2026-crop-300x115.jpg 300w, https:\/\/goodpower.pro\/wp-content\/uploads\/2026\/04\/cykl-sprawdzajacy-31-03-2026-crop-768x293.jpg 768w, https:\/\/goodpower.pro\/wp-content\/uploads\/2026\/04\/cykl-sprawdzajacy-31-03-2026-crop.jpg 1356w\" sizes=\"auto, (max-width: 1024px) 100vw, 1024px\" \/><\/figure>\r\n","protected":false},"excerpt":{"rendered":"<p>Posiadamy w ofercie ogniwa EVE MB31 (314 Ah) &#8211; 1485 z\u0142 za 4 sztuki. Zapraszamy do naszej oferty na Allegro https:\/\/allegro.pl\/oferta\/ogniwa-lifepo4-lfp-314ah-eve-mb31-zestaw-4-szt-18466001014\u2026 lub kontaktu bezpo\u015bredniego Ogniwa s\u0105 fabrycznie nowe, wyprodukowane w 2 po\u0142. 2025 r. Zmierzyli\u015bmy ich parametry, pojemno\u015b\u0107 przy 18\u00b0 to 327 Ah (1055,8 Wh).<\/p>\n","protected":false},"author":1,"featured_media":0,"parent":0,"menu_order":0,"comment_status":"closed","ping_status":"closed","template":"","meta":{"footnotes":""},"class_list":["post-67","page","type-page","status-publish","hentry"],"_links":{"self":[{"href":"https:\/\/goodpower.pro\/index.php?rest_route=\/wp\/v2\/pages\/67","targetHints":{"allow":["GET"]}}],"collection":[{"href":"https:\/\/goodpower.pro\/index.php?rest_route=\/wp\/v2\/pages"}],"about":[{"href":"https:\/\/goodpower.pro\/index.php?rest_route=\/wp\/v2\/types\/page"}],"author":[{"embeddable":true,"href":"https:\/\/goodpower.pro\/index.php?rest_route=\/wp\/v2\/users\/1"}],"replies":[{"embeddable":true,"href":"https:\/\/goodpower.pro\/index.php?rest_route=%2Fwp%2Fv2%2Fcomments&post=67"}],"version-history":[{"count":2,"href":"https:\/\/goodpower.pro\/index.php?rest_route=\/wp\/v2\/pages\/67\/revisions"}],"predecessor-version":[{"id":71,"href":"https:\/\/goodpower.pro\/index.php?rest_route=\/wp\/v2\/pages\/67\/revisions\/71"}],"wp:attachment":[{"href":"https:\/\/goodpower.pro\/index.php?rest_route=%2Fwp%2Fv2%2Fmedia&parent=67"}],"curies":[{"name":"wp","href":"https:\/\/api.w.org\/{rel}","templated":true}]}}