{"id":36,"date":"2024-05-28T07:56:43","date_gmt":"2024-05-28T05:56:43","guid":{"rendered":"https:\/\/goodpower.pro\/?page_id=36"},"modified":"2024-05-28T08:01:29","modified_gmt":"2024-05-28T06:01:29","slug":"elektroenergetyka","status":"publish","type":"page","link":"https:\/\/goodpower.pro\/?page_id=36","title":{"rendered":"Elektroenergetyka"},"content":{"rendered":"\n<p>Smart Home &#8211; automatyka \/ IoT<br>Systemy w\u0142asne oraz oparte na standardach: MQTT, ModBus, KNX<\/p>\n\n\n\n<p>Projekty i optymalizacje system\u00f3w OZE<\/p>\n\n\n\n<p id=\"block-7bf46467-2ff8-4592-9b9a-56b3f5be2ae9\">Dla instalacji energetycznych nn (niskich napi\u0119\u0107 czyli &lt;1kV) on-grid\/off-grid (z lub bez OZE) wykonujemy:<\/p>\n\n\n\n<p id=\"block-c473a19a-f023-4778-8049-dc36a2efd445\"><\/p>\n\n\n\n<ul class=\"wp-block-list\" id=\"block-4ba01535-a796-4daf-886a-1dc34dcb5d83\">\n<li>projekty<\/li>\n\n\n\n<li>instalacje<\/li>\n\n\n\n<li>modernizacje<\/li>\n\n\n\n<li>pomiary<\/li>\n\n\n\n<li>naprawy<\/li>\n<\/ul>\n","protected":false},"excerpt":{"rendered":"<p>Smart Home &#8211; automatyka \/ IoTSystemy w\u0142asne oraz oparte na standardach: MQTT, ModBus, KNX Projekty i optymalizacje system\u00f3w OZE Dla instalacji energetycznych nn (niskich napi\u0119\u0107 czyli &lt;1kV) on-grid\/off-grid (z lub bez OZE) wykonujemy:<\/p>\n","protected":false},"author":1,"featured_media":0,"parent":0,"menu_order":0,"comment_status":"closed","ping_status":"closed","template":"","meta":{"footnotes":""},"class_list":["post-36","page","type-page","status-publish","hentry"],"_links":{"self":[{"href":"https:\/\/goodpower.pro\/index.php?rest_route=\/wp\/v2\/pages\/36","targetHints":{"allow":["GET"]}}],"collection":[{"href":"https:\/\/goodpower.pro\/index.php?rest_route=\/wp\/v2\/pages"}],"about":[{"href":"https:\/\/goodpower.pro\/index.php?rest_route=\/wp\/v2\/types\/page"}],"author":[{"embeddable":true,"href":"https:\/\/goodpower.pro\/index.php?rest_route=\/wp\/v2\/users\/1"}],"replies":[{"embeddable":true,"href":"https:\/\/goodpower.pro\/index.php?rest_route=%2Fwp%2Fv2%2Fcomments&post=36"}],"version-history":[{"count":3,"href":"https:\/\/goodpower.pro\/index.php?rest_route=\/wp\/v2\/pages\/36\/revisions"}],"predecessor-version":[{"id":42,"href":"https:\/\/goodpower.pro\/index.php?rest_route=\/wp\/v2\/pages\/36\/revisions\/42"}],"wp:attachment":[{"href":"https:\/\/goodpower.pro\/index.php?rest_route=%2Fwp%2Fv2%2Fmedia&parent=36"}],"curies":[{"name":"wp","href":"https:\/\/api.w.org\/{rel}","templated":true}]}}