{"id":30,"date":"2024-05-28T07:51:14","date_gmt":"2024-05-28T05:51:14","guid":{"rendered":"https:\/\/goodpower.pro\/?page_id=30"},"modified":"2024-05-28T07:51:14","modified_gmt":"2024-05-28T05:51:14","slug":"it","status":"publish","type":"page","link":"https:\/\/goodpower.pro\/?page_id=30","title":{"rendered":"IT"},"content":{"rendered":"\n<ul class=\"wp-block-list\">\n<li>Hybrid cloud<\/li>\n\n\n\n<li>Konsultacje w zakresie bezpiecze\u0144stwa, dost\u0119pno\u015bci i wydajno\u015bci <\/li>\n\n\n\n<li>Outsourcing administracji systemowej<\/li>\n\n\n\n<li>LAN\/WAN &#8211; instalacje, testy<\/li>\n\n\n\n<li>Aplikacje na zam\u00f3wienie<\/li>\n<\/ul>\n","protected":false},"excerpt":{"rendered":"","protected":false},"author":1,"featured_media":0,"parent":0,"menu_order":0,"comment_status":"closed","ping_status":"closed","template":"","meta":{"footnotes":""},"class_list":["post-30","page","type-page","status-publish","hentry"],"_links":{"self":[{"href":"https:\/\/goodpower.pro\/index.php?rest_route=\/wp\/v2\/pages\/30","targetHints":{"allow":["GET"]}}],"collection":[{"href":"https:\/\/goodpower.pro\/index.php?rest_route=\/wp\/v2\/pages"}],"about":[{"href":"https:\/\/goodpower.pro\/index.php?rest_route=\/wp\/v2\/types\/page"}],"author":[{"embeddable":true,"href":"https:\/\/goodpower.pro\/index.php?rest_route=\/wp\/v2\/users\/1"}],"replies":[{"embeddable":true,"href":"https:\/\/goodpower.pro\/index.php?rest_route=%2Fwp%2Fv2%2Fcomments&post=30"}],"version-history":[{"count":1,"href":"https:\/\/goodpower.pro\/index.php?rest_route=\/wp\/v2\/pages\/30\/revisions"}],"predecessor-version":[{"id":31,"href":"https:\/\/goodpower.pro\/index.php?rest_route=\/wp\/v2\/pages\/30\/revisions\/31"}],"wp:attachment":[{"href":"https:\/\/goodpower.pro\/index.php?rest_route=%2Fwp%2Fv2%2Fmedia&parent=30"}],"curies":[{"name":"wp","href":"https:\/\/api.w.org\/{rel}","templated":true}]}}